{"id":383,"date":"2022-11-28T13:44:50","date_gmt":"2022-11-28T16:44:50","guid":{"rendered":"https:\/\/revitbombeiro.com.br\/?page_id=383"},"modified":"2025-07-29T09:54:49","modified_gmt":"2025-07-29T12:54:49","slug":"obrigado-2023","status":"publish","type":"page","link":"https:\/\/revitbombeiro.com.br\/index.php\/obrigado-2023\/","title":{"rendered":"Obrigado 2023"},"content":{"rendered":"\t\t<div data-elementor-type=\"wp-page\" data-elementor-id=\"383\" class=\"elementor elementor-383\" data-elementor-post-type=\"page\">\n\t\t\t\t\t\t<section class=\"elementor-section elementor-top-section elementor-element elementor-element-502f16ee elementor-section-full_width elementor-section-content-middle elementor-section-height-default elementor-section-height-default\" data-id=\"502f16ee\" data-element_type=\"section\" data-settings=\"{&quot;background_background&quot;:&quot;classic&quot;}\">\n\t\t\t\t\t\t<div class=\"elementor-container elementor-column-gap-no\">\n\t\t\t\t\t<div class=\"elementor-column elementor-col-100 elementor-top-column elementor-element elementor-element-5f160975\" data-id=\"5f160975\" data-element_type=\"column\">\n\t\t\t<div class=\"elementor-widget-wrap elementor-element-populated\">\n\t\t\t\t\t\t<div class=\"elementor-element elementor-element-4f806f9f elementor-star-rating--align-center elementor--star-style-star_fontawesome elementor-widget elementor-widget-star-rating\" data-id=\"4f806f9f\" data-element_type=\"widget\" data-widget_type=\"star-rating.default\">\n\t\t\t\t<div class=\"elementor-widget-container\">\n\t\t\t\t\t\t\t<div class=\"elementor-star-rating__wrapper\">\n\t\t\t\t\t\t<div class=\"elementor-star-rating\" itemtype=\"http:\/\/schema.org\/Rating\" itemscope=\"\" itemprop=\"reviewRating\">\n\t\t\t\t<i class=\"elementor-star-full\" aria-hidden=\"true\">&#xE934;<\/i><i class=\"elementor-star-full\" aria-hidden=\"true\">&#xE934;<\/i><i class=\"elementor-star-full\" aria-hidden=\"true\">&#xE934;<\/i><i class=\"elementor-star-full\" aria-hidden=\"true\">&#xE934;<\/i><i class=\"elementor-star-full\" aria-hidden=\"true\">&#xE934;<\/i>\t\t\t\t<span itemprop=\"ratingValue\" class=\"elementor-screen-only\">Classificado como 5 de 5<\/span>\n\t\t\t<\/div>\n\t\t<\/div>\n\t\t\t\t\t\t<\/div>\n\t\t\t\t<\/div>\n\t\t\t\t<div class=\"elementor-element elementor-element-46316f3a elementor-widget elementor-widget-text-editor\" data-id=\"46316f3a\" data-element_type=\"widget\" data-widget_type=\"text-editor.default\">\n\t\t\t\t<div class=\"elementor-widget-container\">\n\t\t\t\t\t\t\t\t\t<p>Muito obrigado!<\/p>\t\t\t\t\t\t\t\t<\/div>\n\t\t\t\t<\/div>\n\t\t\t\t<div class=\"elementor-element elementor-element-12f921cc elementor-widget elementor-widget-text-editor\" data-id=\"12f921cc\" data-element_type=\"widget\" data-widget_type=\"text-editor.default\">\n\t\t\t\t<div class=\"elementor-widget-container\">\n\t\t\t\t\t\t\t\t\t<p><span style=\"letter-spacing: -0.27px;\">Aten\u00e7\u00e3o ao seu e-mail<br \/><\/span><span style=\"color: #fafafa; font-size: 20px; font-weight: 400; letter-spacing: -0.27px;\">Enviamos em seu e-mail as informa\u00e7\u00f5es de acesso ao curso e mais algumas informa\u00e7\u00f5es adicionais sobre os arquivos para download.<\/span><\/p>\t\t\t\t\t\t\t\t<\/div>\n\t\t\t\t<\/div>\n\t\t\t\t<div class=\"elementor-element elementor-element-351fecc7 elementor-button-danger elementor-align-center elementor-mobile-align-center elementor-widget elementor-widget-button\" data-id=\"351fecc7\" data-element_type=\"widget\" data-widget_type=\"button.default\">\n\t\t\t\t<div class=\"elementor-widget-container\">\n\t\t\t\t\t\t\t\t\t<div class=\"elementor-button-wrapper\">\n\t\t\t\t\t<a class=\"elementor-button elementor-button-link elementor-size-sm\" href=\"https:\/\/membros.estudiobim.com.br\/\">\n\t\t\t\t\t\t<span class=\"elementor-button-content-wrapper\">\n\t\t\t\t\t\t<span class=\"elementor-button-icon\">\n\t\t\t\t<i aria-hidden=\"true\" class=\"far fa-paper-plane\"><\/i>\t\t\t<\/span>\n\t\t\t\t\t\t\t\t\t<span class=\"elementor-button-text\">Acessar o Treinamento<\/span>\n\t\t\t\t\t<\/span>\n\t\t\t\t\t<\/a>\n\t\t\t\t<\/div>\n\t\t\t\t\t\t\t\t<\/div>\n\t\t\t\t<\/div>\n\t\t\t\t\t<\/div>\n\t\t<\/div>\n\t\t\t\t\t<\/div>\n\t\t<\/section>\n\t\t\t\t<section class=\"elementor-section elementor-top-section elementor-element elementor-element-10683090 elementor-section-boxed elementor-section-height-default elementor-section-height-default\" data-id=\"10683090\" data-element_type=\"section\" data-settings=\"{&quot;background_background&quot;:&quot;classic&quot;}\">\n\t\t\t\t\t\t<div class=\"elementor-container elementor-column-gap-default\">\n\t\t\t\t\t<div class=\"elementor-column elementor-col-100 elementor-top-column elementor-element elementor-element-4e3378f3\" data-id=\"4e3378f3\" data-element_type=\"column\">\n\t\t\t<div class=\"elementor-widget-wrap elementor-element-populated\">\n\t\t\t\t\t\t<div class=\"elementor-element elementor-element-56bada4f elementor-widget elementor-widget-heading\" data-id=\"56bada4f\" data-element_type=\"widget\" data-widget_type=\"heading.default\">\n\t\t\t\t<div class=\"elementor-widget-container\">\n\t\t\t\t\t<h3 class=\"elementor-heading-title elementor-size-default\">Informa\u00e7\u00f5es Adicionais:<\/h3>\t\t\t\t<\/div>\n\t\t\t\t<\/div>\n\t\t\t\t<div class=\"elementor-element elementor-element-5764dfe6 elementor-align-left elementor-icon-list--layout-traditional elementor-list-item-link-full_width elementor-widget elementor-widget-icon-list\" data-id=\"5764dfe6\" data-element_type=\"widget\" data-widget_type=\"icon-list.default\">\n\t\t\t\t<div class=\"elementor-widget-container\">\n\t\t\t\t\t\t\t<ul class=\"elementor-icon-list-items\">\n\t\t\t\t\t\t\t<li class=\"elementor-icon-list-item\">\n\t\t\t\t\t\t\t\t\t\t\t<span class=\"elementor-icon-list-icon\">\n\t\t\t\t\t\t\t<i aria-hidden=\"true\" class=\"fas fa-arrow-circle-right\"><\/i>\t\t\t\t\t\t<\/span>\n\t\t\t\t\t\t\t\t\t\t<span class=\"elementor-icon-list-text\">Tenha aten\u00e7\u00e3o aos nossos e-mails (@estudiobim.com.br) e e-mails da Hotmart (@hotmart.com) para n\u00e3o perder nenhuma informa\u00e7\u00e3o importante sobre sua compra e seu acesso.<\/span>\n\t\t\t\t\t\t\t\t\t<\/li>\n\t\t\t\t\t\t\t\t<li class=\"elementor-icon-list-item\">\n\t\t\t\t\t\t\t\t\t\t\t<span class=\"elementor-icon-list-icon\">\n\t\t\t\t\t\t\t<i aria-hidden=\"true\" class=\"fas fa-arrow-circle-right\"><\/i>\t\t\t\t\t\t<\/span>\n\t\t\t\t\t\t\t\t\t\t<span class=\"elementor-icon-list-text\">Utilizamos a <b>vers\u00e3o 2018 <\/b>no template, \u00e9 necess\u00e1rio ter o Revit nesta vers\u00e3o ou superior.<\/span>\n\t\t\t\t\t\t\t\t\t<\/li>\n\t\t\t\t\t\t\t\t<li class=\"elementor-icon-list-item\">\n\t\t\t\t\t\t\t\t\t\t\t<span class=\"elementor-icon-list-icon\">\n\t\t\t\t\t\t\t<i aria-hidden=\"true\" class=\"fas fa-arrow-circle-right\"><\/i>\t\t\t\t\t\t<\/span>\n\t\t\t\t\t\t\t\t\t\t<span class=\"elementor-icon-list-text\">O acesso as aulas do treinamento e atualiza\u00e7\u00f5es \u00e9 <b>anual<\/b>, voc\u00ea poder\u00e1 estudar no seu tempo, com calma, aten\u00e7\u00e3o e sem pressa. Ap\u00f3s o prazo de 12 meses, voc\u00ea poder\u00e1 renovar seu pacote de acesso \u00e0s atualiza\u00e7\u00f5es, suporte e aulas do produto.<\/span>\n\t\t\t\t\t\t\t\t\t<\/li>\n\t\t\t\t\t\t<\/ul>\n\t\t\t\t\t\t<\/div>\n\t\t\t\t<\/div>\n\t\t\t\t\t<\/div>\n\t\t<\/div>\n\t\t\t\t\t<\/div>\n\t\t<\/section>\n\t\t\t\t<section class=\"elementor-section elementor-top-section elementor-element elementor-element-151957b6 elementor-section-full_width elementor-section-content-middle elementor-section-height-default elementor-section-height-default\" data-id=\"151957b6\" data-element_type=\"section\" data-settings=\"{&quot;background_background&quot;:&quot;classic&quot;}\">\n\t\t\t\t\t\t<div class=\"elementor-container elementor-column-gap-no\">\n\t\t\t\t\t<div class=\"elementor-column elementor-col-100 elementor-top-column elementor-element elementor-element-49c7619a\" data-id=\"49c7619a\" data-element_type=\"column\">\n\t\t\t<div class=\"elementor-widget-wrap elementor-element-populated\">\n\t\t\t\t\t\t<div class=\"elementor-element elementor-element-7b4f176a elementor-view-default elementor-position-top elementor-mobile-position-top elementor-widget elementor-widget-icon-box\" data-id=\"7b4f176a\" data-element_type=\"widget\" data-widget_type=\"icon-box.default\">\n\t\t\t\t<div class=\"elementor-widget-container\">\n\t\t\t\t\t\t\t<div class=\"elementor-icon-box-wrapper\">\n\n\t\t\t\t\t\t<div class=\"elementor-icon-box-icon\">\n\t\t\t\t<a href=\"mailto:contato@estudiobim.com.br\" target=\"_blank\" class=\"elementor-icon\" tabindex=\"-1\" aria-label=\"Ficou alguma d\u00favida?\">\n\t\t\t\t<i aria-hidden=\"true\" class=\"fas fa-mail-bulk\"><\/i>\t\t\t\t<\/a>\n\t\t\t<\/div>\n\t\t\t\n\t\t\t\t\t\t<div class=\"elementor-icon-box-content\">\n\n\t\t\t\t\t\t\t\t\t<div class=\"elementor-icon-box-title\">\n\t\t\t\t\t\t<a href=\"mailto:contato@estudiobim.com.br\" target=\"_blank\" >\n\t\t\t\t\t\t\tFicou alguma d\u00favida?\t\t\t\t\t\t<\/a>\n\t\t\t\t\t<\/div>\n\t\t\t\t\n\t\t\t\t\t\t\t\t\t<p class=\"elementor-icon-box-description\">\n\t\t\t\t\t\tEnvie um e-mail para: contato@estudiobim.com.br\t\t\t\t\t<\/p>\n\t\t\t\t\n\t\t\t<\/div>\n\t\t\t\n\t\t<\/div>\n\t\t\t\t\t\t<\/div>\n\t\t\t\t<\/div>\n\t\t\t\t\t<\/div>\n\t\t<\/div>\n\t\t\t\t\t<\/div>\n\t\t<\/section>\n\t\t\t\t<section class=\"elementor-section elementor-top-section elementor-element elementor-element-6ac69b89 elementor-section-boxed elementor-section-height-default elementor-section-height-default\" data-id=\"6ac69b89\" data-element_type=\"section\" data-settings=\"{&quot;background_background&quot;:&quot;classic&quot;}\">\n\t\t\t\t\t\t<div class=\"elementor-container elementor-column-gap-default\">\n\t\t\t\t\t<div class=\"elementor-column elementor-col-100 elementor-top-column elementor-element elementor-element-7ef2d5ba\" data-id=\"7ef2d5ba\" data-element_type=\"column\">\n\t\t\t<div class=\"elementor-widget-wrap elementor-element-populated\">\n\t\t\t\t\t\t<div class=\"elementor-element elementor-element-15467762 elementor-widget elementor-widget-image\" data-id=\"15467762\" data-element_type=\"widget\" data-widget_type=\"image.default\">\n\t\t\t\t<div class=\"elementor-widget-container\">\n\t\t\t\t\t\t\t\t\t\t\t\t\t\t\t\t<a href=\"https:\/\/www.estudiobim.com.br\" target=\"_blank\">\n\t\t\t\t\t\t\t<img decoding=\"async\" width=\"145\" height=\"74\" src=\"https:\/\/revitbombeiro.com.br\/wp-content\/uploads\/2021\/05\/Logo-Completa-scaled-1.png\" class=\"attachment-large size-large wp-image-159\" alt=\"\" \/>\t\t\t\t\t\t\t\t<\/a>\n\t\t\t\t\t\t\t\t\t\t\t\t\t\t\t<\/div>\n\t\t\t\t<\/div>\n\t\t\t\t<div class=\"elementor-element elementor-element-63ce99ea elementor-widget elementor-widget-text-editor\" data-id=\"63ce99ea\" data-element_type=\"widget\" data-widget_type=\"text-editor.default\">\n\t\t\t\t<div class=\"elementor-widget-container\">\n\t\t\t\t\t\t\t\t\t<p>\u00a9 Copyright 2025. Todos os direitos reservados, Est\u00fadio BIM<br \/>Associado na categoria individual da Associa\u00e7\u00e3o Brasileira de Educa\u00e7\u00e3o a Dist\u00e2ncia, pelo per\u00edodo de 17\/06\/2019 a 16\/06\/2026.<\/p>\t\t\t\t\t\t\t\t<\/div>\n\t\t\t\t<\/div>\n\t\t\t\t<div class=\"elementor-element elementor-element-4e2a9781 elementor-widget elementor-widget-image\" data-id=\"4e2a9781\" data-element_type=\"widget\" data-widget_type=\"image.default\">\n\t\t\t\t<div class=\"elementor-widget-container\">\n\t\t\t\t\t\t\t\t\t\t\t\t\t\t\t\t<a href=\"https:\/\/www.estudiobim.com.br\" target=\"_blank\">\n\t\t\t\t\t\t\t<img fetchpriority=\"high\" decoding=\"async\" width=\"580\" height=\"87\" src=\"https:\/\/revitbombeiro.com.br\/wp-content\/uploads\/2021\/05\/selocertificado.png\" class=\"attachment-large size-large wp-image-160\" alt=\"\" srcset=\"https:\/\/revitbombeiro.com.br\/wp-content\/uploads\/2021\/05\/selocertificado.png 600w, https:\/\/revitbombeiro.com.br\/wp-content\/uploads\/2021\/05\/selocertificado-300x45.png 300w\" sizes=\"(max-width: 580px) 100vw, 580px\" \/>\t\t\t\t\t\t\t\t<\/a>\n\t\t\t\t\t\t\t\t\t\t\t\t\t\t\t<\/div>\n\t\t\t\t<\/div>\n\t\t\t\t\t<\/div>\n\t\t<\/div>\n\t\t\t\t\t<\/div>\n\t\t<\/section>\n\t\t\t\t<\/div>\n\t\t","protected":false},"excerpt":{"rendered":"<p>&#xE934;&#xE934;&#xE934;&#xE934;&#xE934; 5\/5 Muito obrigado! Aten\u00e7\u00e3o ao seu e-mailEnviamos em seu e-mail as informa\u00e7\u00f5es de acesso ao curso e mais algumas informa\u00e7\u00f5es adicionais sobre os arquivos para download. Acessar o Treinamento Informa\u00e7\u00f5es Adicionais: Tenha aten\u00e7\u00e3o aos nossos e-mails (@estudiobim.com.br) e e-mails da Hotmart (@hotmart.com) para n\u00e3o perder nenhuma informa\u00e7\u00e3o importante sobre sua compra e seu acesso. [&hellip;]<\/p>\n","protected":false},"author":1,"featured_media":122,"parent":0,"menu_order":0,"comment_status":"closed","ping_status":"closed","template":"elementor_canvas","meta":{"footnotes":""},"class_list":["post-383","page","type-page","status-publish","has-post-thumbnail","hentry"],"yoast_head":"<!-- This site is optimized with the Yoast SEO plugin v27.5 - https:\/\/yoast.com\/product\/yoast-seo-wordpress\/ -->\n<title>Obrigado 2023 - Template PPCI para Autodesk\u00ae Revit\u00ae<\/title>\n<meta name=\"robots\" content=\"index, follow, max-snippet:-1, max-image-preview:large, max-video-preview:-1\" \/>\n<link rel=\"canonical\" href=\"https:\/\/revitbombeiro.com.br\/index.php\/obrigado-2023\/\" \/>\n<meta property=\"og:locale\" content=\"pt_BR\" \/>\n<meta property=\"og:type\" content=\"article\" \/>\n<meta property=\"og:title\" content=\"Obrigado 2023 - Template PPCI para Autodesk\u00ae Revit\u00ae\" \/>\n<meta property=\"og:description\" content=\"&#xE934;&#xE934;&#xE934;&#xE934;&#xE934; 5\/5 Muito obrigado! Aten\u00e7\u00e3o ao seu e-mailEnviamos em seu e-mail as informa\u00e7\u00f5es de acesso ao curso e mais algumas informa\u00e7\u00f5es adicionais sobre os arquivos para download. Acessar o Treinamento Informa\u00e7\u00f5es Adicionais: Tenha aten\u00e7\u00e3o aos nossos e-mails (@estudiobim.com.br) e e-mails da Hotmart (@hotmart.com) para n\u00e3o perder nenhuma informa\u00e7\u00e3o importante sobre sua compra e seu acesso. [&hellip;]\" \/>\n<meta property=\"og:url\" content=\"https:\/\/revitbombeiro.com.br\/index.php\/obrigado-2023\/\" \/>\n<meta property=\"og:site_name\" content=\"Template PPCI para Autodesk\u00ae Revit\u00ae\" \/>\n<meta property=\"article:publisher\" content=\"https:\/\/facebook.com\/estudiobim\" \/>\n<meta property=\"article:modified_time\" content=\"2025-07-29T12:54:49+00:00\" \/>\n<meta property=\"og:image\" content=\"https:\/\/revitbombeiro.com.br\/wp-content\/uploads\/2020\/10\/LOGO_FHD_1.jpg\" \/>\n\t<meta property=\"og:image:width\" content=\"1920\" \/>\n\t<meta property=\"og:image:height\" content=\"1080\" \/>\n\t<meta property=\"og:image:type\" content=\"image\/jpeg\" \/>\n<meta name=\"twitter:card\" content=\"summary_large_image\" \/>\n<meta name=\"twitter:label1\" content=\"Est. tempo de leitura\" \/>\n\t<meta name=\"twitter:data1\" content=\"2 minutos\" \/>\n<script type=\"application\/ld+json\" class=\"yoast-schema-graph\">{\"@context\":\"https:\\\/\\\/schema.org\",\"@graph\":[{\"@type\":\"WebPage\",\"@id\":\"https:\\\/\\\/revitbombeiro.com.br\\\/index.php\\\/obrigado-2023\\\/\",\"url\":\"https:\\\/\\\/revitbombeiro.com.br\\\/index.php\\\/obrigado-2023\\\/\",\"name\":\"Obrigado 2023 - Template PPCI para Autodesk\u00ae Revit\u00ae\",\"isPartOf\":{\"@id\":\"https:\\\/\\\/revitbombeiro.com.br\\\/#website\"},\"primaryImageOfPage\":{\"@id\":\"https:\\\/\\\/revitbombeiro.com.br\\\/index.php\\\/obrigado-2023\\\/#primaryimage\"},\"image\":{\"@id\":\"https:\\\/\\\/revitbombeiro.com.br\\\/index.php\\\/obrigado-2023\\\/#primaryimage\"},\"thumbnailUrl\":\"https:\\\/\\\/revitbombeiro.com.br\\\/wp-content\\\/uploads\\\/2020\\\/10\\\/LOGO_FHD_1.jpg\",\"datePublished\":\"2022-11-28T16:44:50+00:00\",\"dateModified\":\"2025-07-29T12:54:49+00:00\",\"breadcrumb\":{\"@id\":\"https:\\\/\\\/revitbombeiro.com.br\\\/index.php\\\/obrigado-2023\\\/#breadcrumb\"},\"inLanguage\":\"pt-BR\",\"potentialAction\":[{\"@type\":\"ReadAction\",\"target\":[\"https:\\\/\\\/revitbombeiro.com.br\\\/index.php\\\/obrigado-2023\\\/\"]}]},{\"@type\":\"ImageObject\",\"inLanguage\":\"pt-BR\",\"@id\":\"https:\\\/\\\/revitbombeiro.com.br\\\/index.php\\\/obrigado-2023\\\/#primaryimage\",\"url\":\"https:\\\/\\\/revitbombeiro.com.br\\\/wp-content\\\/uploads\\\/2020\\\/10\\\/LOGO_FHD_1.jpg\",\"contentUrl\":\"https:\\\/\\\/revitbombeiro.com.br\\\/wp-content\\\/uploads\\\/2020\\\/10\\\/LOGO_FHD_1.jpg\",\"width\":1920,\"height\":1080},{\"@type\":\"BreadcrumbList\",\"@id\":\"https:\\\/\\\/revitbombeiro.com.br\\\/index.php\\\/obrigado-2023\\\/#breadcrumb\",\"itemListElement\":[{\"@type\":\"ListItem\",\"position\":1,\"name\":\"In\u00edcio\",\"item\":\"https:\\\/\\\/revitbombeiro.com.br\\\/\"},{\"@type\":\"ListItem\",\"position\":2,\"name\":\"Obrigado 2023\"}]},{\"@type\":\"WebSite\",\"@id\":\"https:\\\/\\\/revitbombeiro.com.br\\\/#website\",\"url\":\"https:\\\/\\\/revitbombeiro.com.br\\\/\",\"name\":\"Template PPCI para Autodesk\u00ae Revit\u00ae\",\"description\":\"Preven\u00e7\u00e3o e Combate a Inc\u00eandio e P\u00e2nico\",\"publisher\":{\"@id\":\"https:\\\/\\\/revitbombeiro.com.br\\\/#organization\"},\"potentialAction\":[{\"@type\":\"SearchAction\",\"target\":{\"@type\":\"EntryPoint\",\"urlTemplate\":\"https:\\\/\\\/revitbombeiro.com.br\\\/?s={search_term_string}\"},\"query-input\":{\"@type\":\"PropertyValueSpecification\",\"valueRequired\":true,\"valueName\":\"search_term_string\"}}],\"inLanguage\":\"pt-BR\"},{\"@type\":\"Organization\",\"@id\":\"https:\\\/\\\/revitbombeiro.com.br\\\/#organization\",\"name\":\"Template PPCI para Autodesk\u00ae Revit\u00ae\",\"url\":\"https:\\\/\\\/revitbombeiro.com.br\\\/\",\"logo\":{\"@type\":\"ImageObject\",\"inLanguage\":\"pt-BR\",\"@id\":\"https:\\\/\\\/revitbombeiro.com.br\\\/#\\\/schema\\\/logo\\\/image\\\/\",\"url\":\"https:\\\/\\\/revitbombeiro.com.br\\\/wp-content\\\/uploads\\\/2024\\\/03\\\/WP_PSCIP.jpg\",\"contentUrl\":\"https:\\\/\\\/revitbombeiro.com.br\\\/wp-content\\\/uploads\\\/2024\\\/03\\\/WP_PSCIP.jpg\",\"width\":600,\"height\":500,\"caption\":\"Template PPCI para Autodesk\u00ae Revit\u00ae\"},\"image\":{\"@id\":\"https:\\\/\\\/revitbombeiro.com.br\\\/#\\\/schema\\\/logo\\\/image\\\/\"},\"sameAs\":[\"https:\\\/\\\/facebook.com\\\/estudiobim\",\"https:\\\/\\\/instagram.com\\\/estudiobim\"]}]}<\/script>\n<!-- \/ Yoast SEO plugin. -->","yoast_head_json":{"title":"Obrigado 2023 - Template PPCI para Autodesk\u00ae Revit\u00ae","robots":{"index":"index","follow":"follow","max-snippet":"max-snippet:-1","max-image-preview":"max-image-preview:large","max-video-preview":"max-video-preview:-1"},"canonical":"https:\/\/revitbombeiro.com.br\/index.php\/obrigado-2023\/","og_locale":"pt_BR","og_type":"article","og_title":"Obrigado 2023 - Template PPCI para Autodesk\u00ae Revit\u00ae","og_description":"&#xE934;&#xE934;&#xE934;&#xE934;&#xE934; 5\/5 Muito obrigado! Aten\u00e7\u00e3o ao seu e-mailEnviamos em seu e-mail as informa\u00e7\u00f5es de acesso ao curso e mais algumas informa\u00e7\u00f5es adicionais sobre os arquivos para download. Acessar o Treinamento Informa\u00e7\u00f5es Adicionais: Tenha aten\u00e7\u00e3o aos nossos e-mails (@estudiobim.com.br) e e-mails da Hotmart (@hotmart.com) para n\u00e3o perder nenhuma informa\u00e7\u00e3o importante sobre sua compra e seu acesso. [&hellip;]","og_url":"https:\/\/revitbombeiro.com.br\/index.php\/obrigado-2023\/","og_site_name":"Template PPCI para Autodesk\u00ae Revit\u00ae","article_publisher":"https:\/\/facebook.com\/estudiobim","article_modified_time":"2025-07-29T12:54:49+00:00","og_image":[{"width":1920,"height":1080,"url":"https:\/\/revitbombeiro.com.br\/wp-content\/uploads\/2020\/10\/LOGO_FHD_1.jpg","type":"image\/jpeg"}],"twitter_card":"summary_large_image","twitter_misc":{"Est. tempo de leitura":"2 minutos"},"schema":{"@context":"https:\/\/schema.org","@graph":[{"@type":"WebPage","@id":"https:\/\/revitbombeiro.com.br\/index.php\/obrigado-2023\/","url":"https:\/\/revitbombeiro.com.br\/index.php\/obrigado-2023\/","name":"Obrigado 2023 - Template PPCI para Autodesk\u00ae Revit\u00ae","isPartOf":{"@id":"https:\/\/revitbombeiro.com.br\/#website"},"primaryImageOfPage":{"@id":"https:\/\/revitbombeiro.com.br\/index.php\/obrigado-2023\/#primaryimage"},"image":{"@id":"https:\/\/revitbombeiro.com.br\/index.php\/obrigado-2023\/#primaryimage"},"thumbnailUrl":"https:\/\/revitbombeiro.com.br\/wp-content\/uploads\/2020\/10\/LOGO_FHD_1.jpg","datePublished":"2022-11-28T16:44:50+00:00","dateModified":"2025-07-29T12:54:49+00:00","breadcrumb":{"@id":"https:\/\/revitbombeiro.com.br\/index.php\/obrigado-2023\/#breadcrumb"},"inLanguage":"pt-BR","potentialAction":[{"@type":"ReadAction","target":["https:\/\/revitbombeiro.com.br\/index.php\/obrigado-2023\/"]}]},{"@type":"ImageObject","inLanguage":"pt-BR","@id":"https:\/\/revitbombeiro.com.br\/index.php\/obrigado-2023\/#primaryimage","url":"https:\/\/revitbombeiro.com.br\/wp-content\/uploads\/2020\/10\/LOGO_FHD_1.jpg","contentUrl":"https:\/\/revitbombeiro.com.br\/wp-content\/uploads\/2020\/10\/LOGO_FHD_1.jpg","width":1920,"height":1080},{"@type":"BreadcrumbList","@id":"https:\/\/revitbombeiro.com.br\/index.php\/obrigado-2023\/#breadcrumb","itemListElement":[{"@type":"ListItem","position":1,"name":"In\u00edcio","item":"https:\/\/revitbombeiro.com.br\/"},{"@type":"ListItem","position":2,"name":"Obrigado 2023"}]},{"@type":"WebSite","@id":"https:\/\/revitbombeiro.com.br\/#website","url":"https:\/\/revitbombeiro.com.br\/","name":"Template PPCI para Autodesk\u00ae Revit\u00ae","description":"Preven\u00e7\u00e3o e Combate a Inc\u00eandio e P\u00e2nico","publisher":{"@id":"https:\/\/revitbombeiro.com.br\/#organization"},"potentialAction":[{"@type":"SearchAction","target":{"@type":"EntryPoint","urlTemplate":"https:\/\/revitbombeiro.com.br\/?s={search_term_string}"},"query-input":{"@type":"PropertyValueSpecification","valueRequired":true,"valueName":"search_term_string"}}],"inLanguage":"pt-BR"},{"@type":"Organization","@id":"https:\/\/revitbombeiro.com.br\/#organization","name":"Template PPCI para Autodesk\u00ae Revit\u00ae","url":"https:\/\/revitbombeiro.com.br\/","logo":{"@type":"ImageObject","inLanguage":"pt-BR","@id":"https:\/\/revitbombeiro.com.br\/#\/schema\/logo\/image\/","url":"https:\/\/revitbombeiro.com.br\/wp-content\/uploads\/2024\/03\/WP_PSCIP.jpg","contentUrl":"https:\/\/revitbombeiro.com.br\/wp-content\/uploads\/2024\/03\/WP_PSCIP.jpg","width":600,"height":500,"caption":"Template PPCI para Autodesk\u00ae Revit\u00ae"},"image":{"@id":"https:\/\/revitbombeiro.com.br\/#\/schema\/logo\/image\/"},"sameAs":["https:\/\/facebook.com\/estudiobim","https:\/\/instagram.com\/estudiobim"]}]}},"_links":{"self":[{"href":"https:\/\/revitbombeiro.com.br\/index.php\/wp-json\/wp\/v2\/pages\/383","targetHints":{"allow":["GET"]}}],"collection":[{"href":"https:\/\/revitbombeiro.com.br\/index.php\/wp-json\/wp\/v2\/pages"}],"about":[{"href":"https:\/\/revitbombeiro.com.br\/index.php\/wp-json\/wp\/v2\/types\/page"}],"author":[{"embeddable":true,"href":"https:\/\/revitbombeiro.com.br\/index.php\/wp-json\/wp\/v2\/users\/1"}],"replies":[{"embeddable":true,"href":"https:\/\/revitbombeiro.com.br\/index.php\/wp-json\/wp\/v2\/comments?post=383"}],"version-history":[{"count":6,"href":"https:\/\/revitbombeiro.com.br\/index.php\/wp-json\/wp\/v2\/pages\/383\/revisions"}],"predecessor-version":[{"id":1017,"href":"https:\/\/revitbombeiro.com.br\/index.php\/wp-json\/wp\/v2\/pages\/383\/revisions\/1017"}],"wp:featuredmedia":[{"embeddable":true,"href":"https:\/\/revitbombeiro.com.br\/index.php\/wp-json\/wp\/v2\/media\/122"}],"wp:attachment":[{"href":"https:\/\/revitbombeiro.com.br\/index.php\/wp-json\/wp\/v2\/media?parent=383"}],"curies":[{"name":"wp","href":"https:\/\/api.w.org\/{rel}","templated":true}]}}